{"id":146,"date":"2014-10-29T10:05:01","date_gmt":"2014-10-29T09:05:01","guid":{"rendered":"http:\/\/www.vanhoutapartments.be\/?page_id=146"},"modified":"2014-10-29T10:17:56","modified_gmt":"2014-10-29T09:17:56","slug":"disponibilites","status":"publish","type":"page","link":"https:\/\/www.vanhoutapartments.be\/fr\/disponibilites\/","title":{"rendered":"Disponibilit\u00e9s"},"content":{"rendered":"<p>Vanhout apartments conclut des contrats pour une p\u00e9riode de 1 mois minimum. Il est toujours possible de prolonger la convention de location. En cas de prolongation de la convention de location, la p\u00e9riode de pr\u00e9avis est de 1 mois.<\/p>\n<p>Etant donn\u00e9 que nous pratiquons des dur\u00e9es de location particuli\u00e8rement flexibles, il nous est impossible d&#8217;indiquer la disponibilit\u00e9 des flats individuels via le site Internet. Il est donc pr\u00e9f\u00e9rable de nous contacter. Nous pourrons ainsi rechercher ensemble l&#8217;immeuble qui vous convient le mieux.<\/p>\n","protected":false},"excerpt":{"rendered":"<p>Vanhout apartments conclut des contrats pour une p\u00e9riode de 1 mois minimum. Il est toujours possible de prolonger la convention<a class=\"readmore\" href=\"https:\/\/www.vanhoutapartments.be\/fr\/disponibilites\/\">Lees meer &raquo;<\/a><\/p>\n","protected":false},"author":1,"featured_media":0,"parent":0,"menu_order":3,"comment_status":"closed","ping_status":"closed","template":"","meta":{"ngg_post_thumbnail":0,"footnotes":""},"class_list":["post-146","page","type-page","status-publish","hentry"],"_links":{"self":[{"href":"https:\/\/www.vanhoutapartments.be\/fr\/wp-json\/wp\/v2\/pages\/146","targetHints":{"allow":["GET"]}}],"collection":[{"href":"https:\/\/www.vanhoutapartments.be\/fr\/wp-json\/wp\/v2\/pages"}],"about":[{"href":"https:\/\/www.vanhoutapartments.be\/fr\/wp-json\/wp\/v2\/types\/page"}],"author":[{"embeddable":true,"href":"https:\/\/www.vanhoutapartments.be\/fr\/wp-json\/wp\/v2\/users\/1"}],"replies":[{"embeddable":true,"href":"https:\/\/www.vanhoutapartments.be\/fr\/wp-json\/wp\/v2\/comments?post=146"}],"version-history":[{"count":1,"href":"https:\/\/www.vanhoutapartments.be\/fr\/wp-json\/wp\/v2\/pages\/146\/revisions"}],"predecessor-version":[{"id":147,"href":"https:\/\/www.vanhoutapartments.be\/fr\/wp-json\/wp\/v2\/pages\/146\/revisions\/147"}],"wp:attachment":[{"href":"https:\/\/www.vanhoutapartments.be\/fr\/wp-json\/wp\/v2\/media?parent=146"}],"curies":[{"name":"wp","href":"https:\/\/api.w.org\/{rel}","templated":true}]}}