{"id":153,"date":"2014-10-29T10:09:58","date_gmt":"2014-10-29T09:09:58","guid":{"rendered":"http:\/\/www.vanhoutapartments.be\/?page_id=153"},"modified":"2014-10-29T10:48:21","modified_gmt":"2014-10-29T09:48:21","slug":"situation","status":"publish","type":"page","link":"http:\/\/www.vanhoutapartments.be\/fr\/situation\/","title":{"rendered":"Situation"},"content":{"rendered":"<p>Tous les appartements Vanhout b\u00e9n\u00e9ficient d&#8217;une situation favorable par rapport au centre et au ring. Ils sont situ\u00e9s \u00e0 faible distance (10 minutes \u00e0 pied environ) du centre ville. Des supermarch\u00e9s sont implant\u00e9s \u00e0 proximit\u00e9. Les unit\u00e9s sont \u00e0 5 minutes en voiture de l&#8217;autoroute.<\/p>\n<table width=\"70%\" cellspacing=\"0\" cellpadding=\"0\">\n<tbody>\n<tr>\n<td width=\"15%\">Geel<\/td>\n<td style=\"text-align: center;\" width=\"3%\">:<\/td>\n<td width=\"78%\">E313 sortie 23<\/td>\n<\/tr>\n<tr>\n<td>Turnhout<\/td>\n<td style=\"text-align: center;\">:<\/td>\n<td>E34 sortie 23<\/td>\n<\/tr>\n<\/tbody>\n<\/table>\n<h2>Zonings industriels et communes dans les environs<\/h2>\n<p>Geel:<br \/>\nOevel &#8211; Herentals &#8211; Laakdal &#8211; Vorst &#8211; Westerlo &#8211; Meerhout &#8211; Grobbendonk &#8211; Herenthout<br \/>\nTessenderlo &#8211; Beringen &#8211; Ham &#8211; Lommel &#8211; Mol &#8211; Turnhout &#8211; Retie &#8211; Dessel<\/p>\n<p>Turnhout:<br \/>\nBeerse &#8211; Geel &#8211; Malle &#8211; Lille &#8211; Zoersel &#8211; Arendonk &#8211; Dessel<\/p>\n<table width=\"100%\" cellspacing=\"0\" cellpadding=\"0\">\n<tbody>\n<tr>\n<td>Geel est situ\u00e9 \u00e0:<\/td>\n<td>Turnhout est situ\u00e9 \u00e0:<\/td>\n<\/tr>\n<tr>\n<td>\n<ul>\n<li>1h 50 min de Dusseldorf<\/li>\n<li>1h 55 min d&#8217; Amsterdam<\/li>\n<li>25 min d&#8217; Anvers<\/li>\n<li>50 min de Zaventem<\/li>\n<li>45 min d&#8217; Eindhoven<\/li>\n<li>20 min d Turnhout<\/li>\n<li>60 min de Bruxelles<\/li>\n<\/ul>\n<\/td>\n<td>\n<ul>\n<li>20 min de Geel<\/li>\n<li>30 min d&#8217; Eindhoven<\/li>\n<li>30 min d&#8217; Anvers<\/li>\n<li>30 min de Tilburg<\/li>\n<li>50 min de Zaventem<\/li>\n<li>60 min de Bruxelles<\/li>\n<li>1h 40 min de Dusseldorf<\/li>\n<\/ul>\n<\/td>\n<\/tr>\n<\/tbody>\n<\/table>\n<p>Consultez notre planificateur d&#8217;itineraire: <a title=\"Routenet\" href=\"http:\/\/www.routenet.be\/\" target=\"_blank\">routenet<\/a>.<\/p>\n","protected":false},"excerpt":{"rendered":"<p>Tous les appartements Vanhout b\u00e9n\u00e9ficient d&#8217;une situation favorable par rapport au centre et au ring. Ils sont situ\u00e9s \u00e0 faible<a class=\"readmore\" href=\"http:\/\/www.vanhoutapartments.be\/fr\/situation\/\">Lees meer &raquo;<\/a><\/p>\n","protected":false},"author":1,"featured_media":0,"parent":0,"menu_order":6,"comment_status":"closed","ping_status":"closed","template":"","meta":{"ngg_post_thumbnail":0,"footnotes":""},"class_list":["post-153","page","type-page","status-publish","hentry"],"_links":{"self":[{"href":"http:\/\/www.vanhoutapartments.be\/fr\/wp-json\/wp\/v2\/pages\/153","targetHints":{"allow":["GET"]}}],"collection":[{"href":"http:\/\/www.vanhoutapartments.be\/fr\/wp-json\/wp\/v2\/pages"}],"about":[{"href":"http:\/\/www.vanhoutapartments.be\/fr\/wp-json\/wp\/v2\/types\/page"}],"author":[{"embeddable":true,"href":"http:\/\/www.vanhoutapartments.be\/fr\/wp-json\/wp\/v2\/users\/1"}],"replies":[{"embeddable":true,"href":"http:\/\/www.vanhoutapartments.be\/fr\/wp-json\/wp\/v2\/comments?post=153"}],"version-history":[{"count":8,"href":"http:\/\/www.vanhoutapartments.be\/fr\/wp-json\/wp\/v2\/pages\/153\/revisions"}],"predecessor-version":[{"id":219,"href":"http:\/\/www.vanhoutapartments.be\/fr\/wp-json\/wp\/v2\/pages\/153\/revisions\/219"}],"wp:attachment":[{"href":"http:\/\/www.vanhoutapartments.be\/fr\/wp-json\/wp\/v2\/media?parent=153"}],"curies":[{"name":"wp","href":"https:\/\/api.w.org\/{rel}","templated":true}]}}