{"id":151,"date":"2014-10-29T10:07:37","date_gmt":"2014-10-29T09:07:37","guid":{"rendered":"http:\/\/www.vanhoutapartments.be\/?page_id=151"},"modified":"2014-10-29T10:18:16","modified_gmt":"2014-10-29T09:18:16","slug":"services-complementaires","status":"publish","type":"page","link":"http:\/\/www.vanhoutapartments.be\/fr\/services-complementaires\/","title":{"rendered":"Services compl\u00e9mentaires"},"content":{"rendered":"<p>Services compl\u00e9mentaires (non obligatoires)<\/p>\n<ul>\n<li>Service de nettoyage possible<\/li>\n<li>Raccordements \u00e0 l&#8217;eau, au gaz et \u00e0 l&#8217;\u00e9lectricit\u00e9 \u00e0 votre nom<\/li>\n<li>Possibilit\u00e9 de service petit-d\u00e9jeuner ou taxi: prix sur demande<\/li>\n<\/ul>\n<p>Pour tous vos autres desiderata, une solution sur-mesure peut \u00eatre trouv\u00e9e.<\/p>\n","protected":false},"excerpt":{"rendered":"<p>Services compl\u00e9mentaires (non obligatoires) Service de nettoyage possible Raccordements \u00e0 l&#8217;eau, au gaz et \u00e0 l&#8217;\u00e9lectricit\u00e9 \u00e0 votre nom Possibilit\u00e9<a class=\"readmore\" href=\"http:\/\/www.vanhoutapartments.be\/fr\/services-complementaires\/\">Lees meer &raquo;<\/a><\/p>\n","protected":false},"author":1,"featured_media":0,"parent":0,"menu_order":5,"comment_status":"closed","ping_status":"closed","template":"","meta":{"ngg_post_thumbnail":0,"footnotes":""},"class_list":["post-151","page","type-page","status-publish","hentry"],"_links":{"self":[{"href":"http:\/\/www.vanhoutapartments.be\/fr\/wp-json\/wp\/v2\/pages\/151","targetHints":{"allow":["GET"]}}],"collection":[{"href":"http:\/\/www.vanhoutapartments.be\/fr\/wp-json\/wp\/v2\/pages"}],"about":[{"href":"http:\/\/www.vanhoutapartments.be\/fr\/wp-json\/wp\/v2\/types\/page"}],"author":[{"embeddable":true,"href":"http:\/\/www.vanhoutapartments.be\/fr\/wp-json\/wp\/v2\/users\/1"}],"replies":[{"embeddable":true,"href":"http:\/\/www.vanhoutapartments.be\/fr\/wp-json\/wp\/v2\/comments?post=151"}],"version-history":[{"count":2,"href":"http:\/\/www.vanhoutapartments.be\/fr\/wp-json\/wp\/v2\/pages\/151\/revisions"}],"predecessor-version":[{"id":175,"href":"http:\/\/www.vanhoutapartments.be\/fr\/wp-json\/wp\/v2\/pages\/151\/revisions\/175"}],"wp:attachment":[{"href":"http:\/\/www.vanhoutapartments.be\/fr\/wp-json\/wp\/v2\/media?parent=151"}],"curies":[{"name":"wp","href":"https:\/\/api.w.org\/{rel}","templated":true}]}}