{"id":140,"date":"2014-10-29T10:02:11","date_gmt":"2014-10-29T09:02:11","guid":{"rendered":"http:\/\/www.vanhoutapartments.be\/?page_id=140"},"modified":"2014-10-29T10:04:35","modified_gmt":"2014-10-29T09:04:35","slug":"appartements","status":"publish","type":"page","link":"http:\/\/www.vanhoutapartments.be\/fr\/appartements\/","title":{"rendered":"Appartements"},"content":{"rendered":"<p>Nos logements sont assortis d&#8217;un excellent rapport qualit\u00e9\/prix. Ils offrent le calme et l&#8217;intimit\u00e9 requis. Les appartements sont agr\u00e9ables et pr\u00e9sentent nettement plus d&#8217;avantages qu&#8217;un s\u00e9jour en chambre d&#8217;h\u00f4tel.<\/p>\n<p>Les surfaces varient entre 58 m<sup>2<\/sup> et 250 m<sup>2<\/sup>.<br \/>\nNous mettons \u00e0 votre disposition des appartements de 1 \u00e0 5 chambres.<br \/>\nPrix \u00e0 partir de 696 euros par mois.<\/p>\n<p>Tous les immeubles \u00e0 appartements Vanhout sont \u00e9quip\u00e9s d&#8217;un ascenseur.       <\/p>\n<p>Toutes les chambres \u00e0 coucher sont dot\u00e9es au minimum d&#8217;un lit double, d&#8217;une garde-robe,<br \/>\nde la t\u00e9l\u00e9vision et d&#8217;une salle de bains priv\u00e9e.<\/p>\n<p>Les \u00e9quipements suivants sont pr\u00e9vus dans chaque appartement:<\/p>\n<ul>\n<li>Mobilier<\/li>\n<li>Cuisine enti\u00e8rement \u00e9quip\u00e9e avec appareils et ustensiles de cuisine<\/li>\n<li>Syst\u00e8me de conditionnement d&#8217;air<\/li>\n<li>Machine \u00e0 laver et s\u00e8che-linge<\/li>\n<li>TV dans le living et les chambres \u00e0 coucher<\/li>\n<li>St\u00e9r\u00e9o et lecteur DVD<\/li>\n<li>Aspirateur<\/li>\n<li>Fer \u00e0 repasser et planche \u00e0 repasser<\/li>\n<\/ul>\n<p>Un syst\u00e8me de cl\u00e9 &#8216;master&#8217; est disponible afin que plusieurs personnes d&#8217;une m\u00eame soci\u00e9t\u00e9 puissent loger dans 1 appartement.<\/p>\n","protected":false},"excerpt":{"rendered":"<p>Nos logements sont assortis d&#8217;un excellent rapport qualit\u00e9\/prix. Ils offrent le calme et l&#8217;intimit\u00e9 requis. Les appartements sont agr\u00e9ables et<a class=\"readmore\" href=\"http:\/\/www.vanhoutapartments.be\/fr\/appartements\/\">Lees meer &raquo;<\/a><\/p>\n","protected":false},"author":1,"featured_media":0,"parent":0,"menu_order":4,"comment_status":"closed","ping_status":"closed","template":"","meta":{"ngg_post_thumbnail":0,"footnotes":""},"class_list":["post-140","page","type-page","status-publish","hentry"],"_links":{"self":[{"href":"http:\/\/www.vanhoutapartments.be\/fr\/wp-json\/wp\/v2\/pages\/140","targetHints":{"allow":["GET"]}}],"collection":[{"href":"http:\/\/www.vanhoutapartments.be\/fr\/wp-json\/wp\/v2\/pages"}],"about":[{"href":"http:\/\/www.vanhoutapartments.be\/fr\/wp-json\/wp\/v2\/types\/page"}],"author":[{"embeddable":true,"href":"http:\/\/www.vanhoutapartments.be\/fr\/wp-json\/wp\/v2\/users\/1"}],"replies":[{"embeddable":true,"href":"http:\/\/www.vanhoutapartments.be\/fr\/wp-json\/wp\/v2\/comments?post=140"}],"version-history":[{"count":3,"href":"http:\/\/www.vanhoutapartments.be\/fr\/wp-json\/wp\/v2\/pages\/140\/revisions"}],"predecessor-version":[{"id":145,"href":"http:\/\/www.vanhoutapartments.be\/fr\/wp-json\/wp\/v2\/pages\/140\/revisions\/145"}],"wp:attachment":[{"href":"http:\/\/www.vanhoutapartments.be\/fr\/wp-json\/wp\/v2\/media?parent=140"}],"curies":[{"name":"wp","href":"https:\/\/api.w.org\/{rel}","templated":true}]}}