{"id":109,"date":"2014-10-29T09:21:56","date_gmt":"2014-10-29T08:21:56","guid":{"rendered":"http:\/\/www.vanhoutapartments.be\/?page_id=109"},"modified":"2014-10-29T09:21:56","modified_gmt":"2014-10-29T08:21:56","slug":"vanhout-apartments-2","status":"publish","type":"page","link":"http:\/\/www.vanhoutapartments.be\/fr\/","title":{"rendered":"Vanhout apartments"},"content":{"rendered":"<p>Vanhout apartments vous propose un choix \u00e9tendu d&#8217;appartements business meubl\u00e9s situ\u00e9s \u00e0 Geel, Turnhout et Mol. Pouvant se targuer de 15 ans d&#8217;exp\u00e9rience, Vanhout apartments conna\u00eet parfaitement les desiderata et besoins des expatri\u00e9s en mati\u00e8re de logement.<\/p>\n<p>Chaque appartement offre tout le confort requis pour un s\u00e9jour des plus agr\u00e9ables. Notre public cible se compose principalement d&#8217;hommes\/femmes d&#8217;affaires s\u00e9journant en Belgique\/aux Pays-Bas pour des p\u00e9riodes relativement longues \u00e0 des fins professionnelles. Nos flats constituent \u00e9galement une solution id\u00e9ale pour les familles qui r\u00e9novent leur propre habitation ou sont \u00e0 la recherche d&#8217;un logement temporaire lors du passage d&#8217;une habitation \u00e0 l&#8217;autre.<\/p>\n","protected":false},"excerpt":{"rendered":"<p>Vanhout apartments vous propose un choix \u00e9tendu d&#8217;appartements business meubl\u00e9s situ\u00e9s \u00e0 Geel, Turnhout et Mol. Pouvant se targuer de<a class=\"readmore\" href=\"http:\/\/www.vanhoutapartments.be\/fr\/\">Lees meer &raquo;<\/a><\/p>\n","protected":false},"author":1,"featured_media":0,"parent":0,"menu_order":-999,"comment_status":"open","ping_status":"closed","template":"","meta":{"ngg_post_thumbnail":0,"footnotes":""},"class_list":["post-109","page","type-page","status-publish","hentry"],"_links":{"self":[{"href":"http:\/\/www.vanhoutapartments.be\/fr\/wp-json\/wp\/v2\/pages\/109","targetHints":{"allow":["GET"]}}],"collection":[{"href":"http:\/\/www.vanhoutapartments.be\/fr\/wp-json\/wp\/v2\/pages"}],"about":[{"href":"http:\/\/www.vanhoutapartments.be\/fr\/wp-json\/wp\/v2\/types\/page"}],"author":[{"embeddable":true,"href":"http:\/\/www.vanhoutapartments.be\/fr\/wp-json\/wp\/v2\/users\/1"}],"replies":[{"embeddable":true,"href":"http:\/\/www.vanhoutapartments.be\/fr\/wp-json\/wp\/v2\/comments?post=109"}],"version-history":[{"count":1,"href":"http:\/\/www.vanhoutapartments.be\/fr\/wp-json\/wp\/v2\/pages\/109\/revisions"}],"predecessor-version":[{"id":110,"href":"http:\/\/www.vanhoutapartments.be\/fr\/wp-json\/wp\/v2\/pages\/109\/revisions\/110"}],"wp:attachment":[{"href":"http:\/\/www.vanhoutapartments.be\/fr\/wp-json\/wp\/v2\/media?parent=109"}],"curies":[{"name":"wp","href":"https:\/\/api.w.org\/{rel}","templated":true}]}}